{"id":338,"date":"2021-12-20T22:02:12","date_gmt":"2021-12-20T22:02:12","guid":{"rendered":"http:\/\/katabrock.cz\/?page_id=338"},"modified":"2025-08-30T13:30:23","modified_gmt":"2025-08-30T13:30:23","slug":"co-je-noveho","status":"publish","type":"page","link":"https:\/\/katabrock.cz\/en\/co-je-noveho\/","title":{"rendered":"Blog"},"content":{"rendered":"<p>[et_pb_section fb_built=&#8220;1&#8243; module_class=&#8220;top-section&#8220; _builder_version=&#8220;4.16&#8243; _module_preset=&#8220;default&#8220; background_image=&#8220;http:\/\/katabrock.cz\/wp-content\/uploads\/2021\/12\/Treriksroset1.jpg&#8220; custom_margin=&#8220;0px|0px|0px|0px|false|false&#8220; custom_padding=&#8220;0px|0px|0px|0px|false|false&#8220; global_colors_info=&#8220;{}&#8220;][et_pb_row _builder_version=&#8220;4.16&#8243; _module_preset=&#8220;default&#8220; custom_css_main_element=&#8220;top:-50px;&#8220; global_colors_info=&#8220;{}&#8220;][et_pb_column type=&#8220;4_4&#8243; _builder_version=&#8220;4.16&#8243; _module_preset=&#8220;default&#8220; global_colors_info=&#8220;{}&#8220;][et_pb_text _builder_version=&#8220;4.17.6&#8243; _module_preset=&#8220;default&#8220; header_2_font=&#8220;|300|||||||&#8220; header_2_text_color=&#8220;#ffffff&#8220; header_2_font_size=&#8220;56px&#8220; header_2_line_height=&#8220;1.3em&#8220; background_color=&#8220;rgba(0,0,0,0)&#8220; positioning=&#8220;relative&#8220; width=&#8220;100%&#8220; module_alignment=&#8220;center&#8220; custom_padding=&#8220;28px|28px|28px|28px|false|false&#8220; header_text_align_tablet=&#8220;&#8220; header_text_align_phone=&#8220;&#8220; header_text_align_last_edited=&#8220;on|phone&#8220; header_2_text_align_tablet=&#8220;&#8220; header_2_text_align_phone=&#8220;left&#8220; header_2_text_align_last_edited=&#8220;on|phone&#8220; header_2_font_size_tablet=&#8220;38px&#8220; header_2_font_size_phone=&#8220;30px&#8220; header_2_font_size_last_edited=&#8220;on|phone&#8220; border_color_left=&#8220;#d7c6b3&#8243; locked=&#8220;off&#8220; global_colors_info=&#8220;{}&#8220;]<\/p>\n<h2>Blog<\/h2>\n<p>[\/et_pb_text][et_pb_code _builder_version=&#8220;4.16&#8243; _module_preset=&#8220;default&#8220; custom_margin=&#8220;||||false|false&#8220; custom_padding=&#8220;70px||||false|false&#8220; link_option_url=&#8220;#nove-clanky&#8220; global_colors_info=&#8220;{}&#8220;]<svg class=\"arrows\"><!-- [et_pb_line_break_holder] -->\t\t\t\t\t\t\t<path class=\"a1\" d=\"M0 0 L30 32 L60 0\"><\/path><!-- [et_pb_line_break_holder] -->\t\t\t\t\t\t\t<path class=\"a2\" d=\"M0 20 L30 52 L60 20\"><\/path><!-- [et_pb_line_break_holder] -->\t\t\t\t\t\t\t<path class=\"a3\" d=\"M0 40 L30 72 L60 40\"><\/path><!-- [et_pb_line_break_holder] -->\t<\/svg>[\/et_pb_code][\/et_pb_column][\/et_pb_row][\/et_pb_section][et_pb_section fb_built=&#8220;1&#8243; admin_label=&#8220;sekce vypis nahledu clanku co je noveho&#8220; _builder_version=&#8220;4.16&#8243; _module_preset=&#8220;default&#8220; background_color=&#8220;#f2f2f2&#8243; global_colors_info=&#8220;{}&#8220;][et_pb_row module_id=&#8220;nove-clanky&#8220; _builder_version=&#8220;4.16&#8243; _module_preset=&#8220;default&#8220; global_colors_info=&#8220;{}&#8220;][et_pb_column type=&#8220;4_4&#8243; _builder_version=&#8220;4.16&#8243; _module_preset=&#8220;default&#8220; global_colors_info=&#8220;{}&#8220;][et_pb_text module_id=&#8220;nove-clanky&#8220; _builder_version=&#8220;4.16&#8243; _module_preset=&#8220;default&#8220; header_font=&#8220;|600|||||||&#8220; header_text_align=&#8220;center&#8220; header_font_size=&#8220;48px&#8220; header_line_height=&#8220;1.3em&#8220; header_2_font=&#8220;|600|||||||&#8220; header_2_text_color=&#8220;#333&#8243; header_2_font_size=&#8220;32px&#8220; background_color=&#8220;rgba(0,0,0,0)&#8220; custom_margin=&#8220;||0px||false|false&#8220; custom_padding=&#8220;24px|24px|24px|24px|false|false&#8220; locked=&#8220;off&#8220; global_colors_info=&#8220;{}&#8220;]<\/p>\n<h2 style=\"text-align: center;\">Nov\u00e9 \u010dl\u00e1nky<\/h2>\n<p>[\/et_pb_text][et_pb_blog fullwidth=&#8220;off&#8220; posts_number=&#8220;9&#8243; include_categories=&#8220;11&#8243; excerpt_length=&#8220;160&#8243; show_more=&#8220;on&#8220; show_author=&#8220;off&#8220; show_categories=&#8220;off&#8220; masonry_tile_background_color=&#8220;rgba(0,0,0,0)&#8220; _builder_version=&#8220;4.17.6&#8243; _module_preset=&#8220;default&#8220; background_color=&#8220;rgba(255,255,255,0)&#8220; custom_padding=&#8220;24px|24px|0px|24px|false|false&#8220; global_colors_info=&#8220;{}&#8220;][\/et_pb_blog][\/et_pb_column][\/et_pb_row][\/et_pb_section][et_pb_section fb_built=&#8220;1&#8243; admin_label=&#8220;Pati\u010dka&#8220; module_id=&#8220;paticka&#8220; _builder_version=&#8220;4.24.2&#8243; _module_preset=&#8220;default&#8220; background_color=&#8220;#e9e4de&#8220; custom_padding=&#8220;18px||18px||false|false&#8220; global_module=&#8220;120&#8243; saved_tabs=&#8220;all&#8220; global_colors_info=&#8220;{}&#8220;][et_pb_row column_structure=&#8220;1_2,1_2&#8243; _builder_version=&#8220;4.17.6&#8243; _module_preset=&#8220;default&#8220; collapsed=&#8220;off&#8220; global_colors_info=&#8220;{}&#8220;][et_pb_column type=&#8220;1_2&#8243; _builder_version=&#8220;4.16&#8243; _module_preset=&#8220;default&#8220; global_colors_info=&#8220;{}&#8220;][et_pb_text _builder_version=&#8220;4.24.2&#8243; _module_preset=&#8220;default&#8220; global_colors_info=&#8220;{}&#8220;]<\/p>\n<p><strong>Kontaktn\u00ed \u00fadaje<\/strong><\/p>\n<p>Kate\u0159ina Turbakov\u00e1<\/p>\n<p>Org.nr: 19940401-4368<\/p>\n<p>S\u00eddlo: \u00d6rnabbsv\u00e4gen 119, Lulea, 975 97<\/p>\n<p>[\/et_pb_text][\/et_pb_column][et_pb_column type=&#8220;1_2&#8243; _builder_version=&#8220;4.16&#8243; _module_preset=&#8220;default&#8220; global_colors_info=&#8220;{}&#8220;][et_pb_text _builder_version=&#8220;4.24.2&#8243; _module_preset=&#8220;default&#8220; hover_enabled=&#8220;0&#8243; global_colors_info=&#8220;{}&#8220; sticky_enabled=&#8220;0&#8243;]<\/p>\n<p>&nbsp;<\/p>\n<p style=\"text-align: right;\">Telefonn\u00ed \u010d\u00edslo: +420 731 255 539<\/p>\n<p style=\"text-align: right;\">E-mail: katerinaturbakova@gmail.com<\/p>\n<p>[\/et_pb_text][et_pb_social_media_follow icon_color=&#8220;#000000&#8243; use_icon_font_size=&#8220;on&#8220; icon_font_size=&#8220;28px&#8220; _builder_version=&#8220;4.17.6&#8243; _module_preset=&#8220;default&#8220; text_orientation=&#8220;right&#8220; width=&#8220;110%&#8220; max_width=&#8220;110%&#8220; module_alignment=&#8220;right&#8220; custom_padding=&#8220;|39px||||&#8220; global_colors_info=&#8220;{}&#8220;][et_pb_social_media_follow_network social_network=&#8220;instagram&#8220; url=&#8220;https:\/\/www.instagram.com\/kata_brock\/?hl=cs&#8220; _builder_version=&#8220;4.17.6&#8243; _module_preset=&#8220;default&#8220; background_color=&#8220;RGBA(255,255,255,0)&#8220; background_enable_color=&#8220;on&#8220; global_colors_info=&#8220;{}&#8220; follow_button=&#8220;off&#8220; url_new_window=&#8220;on&#8220;]instagram[\/et_pb_social_media_follow_network][et_pb_social_media_follow_network social_network=&#8220;facebook&#8220; url=&#8220;https:\/\/www.facebook.com\/profile.php?id=100090100123118&#8243; _builder_version=&#8220;4.17.6&#8243; _module_preset=&#8220;default&#8220; background_color=&#8220;#3b5998&#8243; global_colors_info=&#8220;{}&#8220; follow_button=&#8220;off&#8220; url_new_window=&#8220;on&#8220;]facebook[\/et_pb_social_media_follow_network][\/et_pb_social_media_follow][\/et_pb_column][\/et_pb_row][\/et_pb_section]<\/p>","protected":false},"excerpt":{"rendered":"<p>BlogNov\u00e9 \u010dl\u00e1nkyKontaktn\u00ed \u00fadaje Kate\u0159ina Turbakov\u00e1 Org.nr: 19940401-4368 S\u00eddlo: \u00d6rnabbsv\u00e4gen 119, Lulea, 975 97&nbsp; Telefonn\u00ed \u010d\u00edslo: +420 731 255 539 E-mail: katerinaturbakova@gmail.com<\/p>","protected":false},"author":1,"featured_media":0,"parent":0,"menu_order":0,"comment_status":"closed","ping_status":"closed","template":"","meta":{"_et_pb_use_builder":"on","_et_pb_old_content":"","_et_gb_content_width":"","footnotes":""},"_links":{"self":[{"href":"https:\/\/katabrock.cz\/en\/wp-json\/wp\/v2\/pages\/338"}],"collection":[{"href":"https:\/\/katabrock.cz\/en\/wp-json\/wp\/v2\/pages"}],"about":[{"href":"https:\/\/katabrock.cz\/en\/wp-json\/wp\/v2\/types\/page"}],"author":[{"embeddable":true,"href":"https:\/\/katabrock.cz\/en\/wp-json\/wp\/v2\/users\/1"}],"replies":[{"embeddable":true,"href":"https:\/\/katabrock.cz\/en\/wp-json\/wp\/v2\/comments?post=338"}],"version-history":[{"count":36,"href":"https:\/\/katabrock.cz\/en\/wp-json\/wp\/v2\/pages\/338\/revisions"}],"predecessor-version":[{"id":2029,"href":"https:\/\/katabrock.cz\/en\/wp-json\/wp\/v2\/pages\/338\/revisions\/2029"}],"wp:attachment":[{"href":"https:\/\/katabrock.cz\/en\/wp-json\/wp\/v2\/media?parent=338"}],"curies":[{"name":"wp","href":"https:\/\/api.w.org\/{rel}","templated":true}]}}