{"id":389,"date":"2021-12-23T14:34:28","date_gmt":"2021-12-23T14:34:28","guid":{"rendered":"http:\/\/katabrock.cz\/?page_id=389"},"modified":"2022-01-02T21:38:20","modified_gmt":"2022-01-02T21:38:20","slug":"nabidka-vyprav","status":"publish","type":"page","link":"https:\/\/katabrock.cz\/en\/nabidka-vyprav\/","title":{"rendered":"Nab\u00eddka v\u00fdprav"},"content":{"rendered":"<p>[et_pb_section fb_built=&#8220;1&#8243; module_class=&#8220;top-section&#8220; _builder_version=&#8220;4.14.4&#8243; _module_preset=&#8220;default&#8220; background_image=&#8220;http:\/\/katabrock.cz\/wp-content\/uploads\/2021\/12\/vypravy.jpg&#8220; custom_margin=&#8220;0px|0px|0px|0px|false|false&#8220; custom_padding=&#8220;0px|0px|0px|0px|false|false&#8220; global_colors_info=&#8220;{}&#8220;][et_pb_row _builder_version=&#8220;4.5.3&#8243; _module_preset=&#8220;default&#8220; custom_css_main_element=&#8220;top:-50px;&#8220; global_colors_info=&#8220;{}&#8220;][et_pb_column type=&#8220;4_4&#8243; _builder_version=&#8220;4.5.3&#8243; _module_preset=&#8220;default&#8220; global_colors_info=&#8220;{}&#8220;][et_pb_text _builder_version=&#8220;4.14.4&#8243; _module_preset=&#8220;default&#8220; header_2_font=&#8220;|300|||||||&#8220; header_2_text_color=&#8220;#ffffff&#8220; header_2_font_size=&#8220;56px&#8220; header_2_line_height=&#8220;1.3em&#8220; background_color=&#8220;rgba(0,0,0,0)&#8220; positioning=&#8220;relative&#8220; width=&#8220;100%&#8220; module_alignment=&#8220;center&#8220; custom_padding=&#8220;28px|28px|28px|28px|false|false&#8220; header_text_align_tablet=&#8220;&#8220; header_text_align_phone=&#8220;&#8220; header_text_align_last_edited=&#8220;on|phone&#8220; header_2_text_align_tablet=&#8220;&#8220; header_2_text_align_phone=&#8220;left&#8220; header_2_text_align_last_edited=&#8220;on|phone&#8220; header_2_font_size_tablet=&#8220;38px&#8220; header_2_font_size_phone=&#8220;30px&#8220; header_2_font_size_last_edited=&#8220;on|phone&#8220; border_color_left=&#8220;#d7c6b3&#8243; locked=&#8220;off&#8220; global_colors_info=&#8220;{}&#8220;]<\/p>\n<h2>Nab\u00eddka v\u00fdprav<\/h2>\n<p>[\/et_pb_text][et_pb_code _builder_version=&#8220;4.14.4&#8243; _module_preset=&#8220;default&#8220; custom_margin=&#8220;||||false|false&#8220; custom_padding=&#8220;70px||||false|false&#8220; link_option_url=&#8220;#vypravy&#8220; global_colors_info=&#8220;{}&#8220;]<svg class=\"arrows\"><!-- [et_pb_line_break_holder] -->\t\t\t\t\t\t\t<path class=\"a1\" d=\"M0 0 L30 32 L60 0\"><\/path><!-- [et_pb_line_break_holder] -->\t\t\t\t\t\t\t<path class=\"a2\" d=\"M0 20 L30 52 L60 20\"><\/path><!-- [et_pb_line_break_holder] -->\t\t\t\t\t\t\t<path class=\"a3\" d=\"M0 40 L30 72 L60 40\"><\/path><!-- [et_pb_line_break_holder] -->\t<\/svg>[\/et_pb_code][\/et_pb_column][\/et_pb_row][\/et_pb_section][et_pb_section fb_built=&#8220;1&#8243; admin_label=&#8220;v\u00fdpis nab\u00eddek v\u00fdprav&#8220; _builder_version=&#8220;4.14.4&#8243; _module_preset=&#8220;default&#8220; background_color=&#8220;#f2f2f2&#8243; global_colors_info=&#8220;{}&#8220;][et_pb_row module_id=&#8220;vypravy&#8220; _builder_version=&#8220;4.14.4&#8243; _module_preset=&#8220;default&#8220; global_colors_info=&#8220;{}&#8220;][et_pb_column type=&#8220;4_4&#8243; _builder_version=&#8220;4.5.3&#8243; _module_preset=&#8220;default&#8220; global_colors_info=&#8220;{}&#8220;][et_pb_text module_id=&#8220;nove-clanky&#8220; _builder_version=&#8220;4.14.4&#8243; _module_preset=&#8220;default&#8220; header_font=&#8220;|600|||||||&#8220; header_text_align=&#8220;center&#8220; header_font_size=&#8220;48px&#8220; header_line_height=&#8220;1.3em&#8220; header_2_font=&#8220;|600|||||||&#8220; header_2_text_color=&#8220;#333&#8243; header_2_font_size=&#8220;32px&#8220; background_color=&#8220;rgba(0,0,0,0)&#8220; custom_margin=&#8220;||0px||false|false&#8220; custom_padding=&#8220;24px|24px|24px|24px|false|false&#8220; locked=&#8220;off&#8220; global_colors_info=&#8220;{}&#8220;]<\/p>\n<h2 style=\"text-align: center;\">Nab\u00eddka v\u00fdprav<\/h2>\n<p>[\/et_pb_text][et_pb_blog fullwidth=&#8220;off&#8220; posts_number=&#8220;6&#8243; include_categories=&#8220;10,1&#8243; excerpt_length=&#8220;160&#8243; show_more=&#8220;on&#8220; show_author=&#8220;off&#8220; show_categories=&#8220;off&#8220; masonry_tile_background_color=&#8220;rgba(0,0,0,0)&#8220; _builder_version=&#8220;4.14.4&#8243; _module_preset=&#8220;default&#8220; background_color=&#8220;rgba(255,255,255,0)&#8220; custom_padding=&#8220;24px|24px|0px|24px|false|false&#8220; hover_enabled=&#8220;0&#8243; global_colors_info=&#8220;{}&#8220; sticky_enabled=&#8220;0&#8243;][\/et_pb_blog][\/et_pb_column][\/et_pb_row][\/et_pb_section][et_pb_section fb_built=&#8220;1&#8243; admin_label=&#8220;Pati\u010dka&#8220; module_id=&#8220;paticka&#8220; _builder_version=&#8220;4.14.4&#8243; _module_preset=&#8220;default&#8220; background_color=&#8220;#e9e4de&#8220; custom_padding=&#8220;18px||18px||false|false&#8220; global_module=&#8220;120&#8243; saved_tabs=&#8220;all&#8220; global_colors_info=&#8220;{}&#8220;][et_pb_row _builder_version=&#8220;4.5.3&#8243; _module_preset=&#8220;default&#8220; global_colors_info=&#8220;{}&#8220;][et_pb_column type=&#8220;4_4&#8243; _builder_version=&#8220;4.5.3&#8243; _module_preset=&#8220;default&#8220; global_colors_info=&#8220;{}&#8220;][et_pb_text _builder_version=&#8220;4.5.3&#8243; _module_preset=&#8220;default&#8220; text_font=&#8220;|600|||||||&#8220; text_text_color=&#8220;#333333&#8243; text_font_size=&#8220;28px&#8220; header_3_font=&#8220;|600|||||||&#8220; header_3_text_color=&#8220;#333333&#8243; header_3_font_size=&#8220;28px&#8220; header_3_line_height=&#8220;1.3em&#8220; custom_margin=&#8220;||||false|false&#8220; global_colors_info=&#8220;{}&#8220;]<\/p>\n<h3 style=\"text-align: center; padding-bottom:0px;\">katerinaturbakova@gmail.com<\/h3>\n<p><a class=\"footer-insta\" href=\"https:\/\/www.instagram.com\/katerinas_adventure\/\"><br \/>\n<svg style=\"width:24px;height:24px\" viewbox=\"0 0 24 24\">\n    <path fill=\"currentColor\" d=\"M7.8,2H16.2C19.4,2 22,4.6 22,7.8V16.2A5.8,5.8 0 0,1 16.2,22H7.8C4.6,22 2,19.4 2,16.2V7.8A5.8,5.8 0 0,1 7.8,2M7.6,4A3.6,3.6 0 0,0 4,7.6V16.4C4,18.39 5.61,20 7.6,20H16.4A3.6,3.6 0 0,0 20,16.4V7.6C20,5.61 18.39,4 16.4,4H7.6M17.25,5.5A1.25,1.25 0 0,1 18.5,6.75A1.25,1.25 0 0,1 17.25,8A1.25,1.25 0 0,1 16,6.75A1.25,1.25 0 0,1 17.25,5.5M12,7A5,5 0 0,1 17,12A5,5 0 0,1 12,17A5,5 0 0,1 7,12A5,5 0 0,1 12,7M12,9A3,3 0 0,0 9,12A3,3 0 0,0 12,15A3,3 0 0,0 15,12A3,3 0 0,0 12,9Z\" \/>\n<\/svg><br \/>\n<\/a>[\/et_pb_text][\/et_pb_column][\/et_pb_row][\/et_pb_section]<\/p>","protected":false},"excerpt":{"rendered":"<p>Nab\u00eddka v\u00fdpravNab\u00eddka v\u00fdpravkaterinaturbakova@gmail.com<\/p>","protected":false},"author":1,"featured_media":0,"parent":0,"menu_order":0,"comment_status":"closed","ping_status":"closed","template":"","meta":{"_et_pb_use_builder":"on","_et_pb_old_content":"","_et_gb_content_width":"","footnotes":""},"_links":{"self":[{"href":"https:\/\/katabrock.cz\/en\/wp-json\/wp\/v2\/pages\/389"}],"collection":[{"href":"https:\/\/katabrock.cz\/en\/wp-json\/wp\/v2\/pages"}],"about":[{"href":"https:\/\/katabrock.cz\/en\/wp-json\/wp\/v2\/types\/page"}],"author":[{"embeddable":true,"href":"https:\/\/katabrock.cz\/en\/wp-json\/wp\/v2\/users\/1"}],"replies":[{"embeddable":true,"href":"https:\/\/katabrock.cz\/en\/wp-json\/wp\/v2\/comments?post=389"}],"version-history":[{"count":6,"href":"https:\/\/katabrock.cz\/en\/wp-json\/wp\/v2\/pages\/389\/revisions"}],"predecessor-version":[{"id":435,"href":"https:\/\/katabrock.cz\/en\/wp-json\/wp\/v2\/pages\/389\/revisions\/435"}],"wp:attachment":[{"href":"https:\/\/katabrock.cz\/en\/wp-json\/wp\/v2\/media?parent=389"}],"curies":[{"name":"wp","href":"https:\/\/api.w.org\/{rel}","templated":true}]}}