{"id":396,"date":"2021-12-23T15:53:44","date_gmt":"2021-12-23T15:53:44","guid":{"rendered":"http:\/\/katabrock.cz\/?page_id=396"},"modified":"2025-09-10T21:32:07","modified_gmt":"2025-09-10T21:32:07","slug":"o-nas","status":"publish","type":"page","link":"https:\/\/katabrock.cz\/en\/o-nas\/","title":{"rendered":"O n\u00e1s"},"content":{"rendered":"<p>[et_pb_section fb_built=&#8220;1&#8243; module_class=&#8220;top-section&#8220; _builder_version=&#8220;4.16&#8243; _module_preset=&#8220;default&#8220; background_image=&#8220;http:\/\/katabrock.cz\/wp-content\/uploads\/2021\/04\/FOTKA-1.jpg&#8220; custom_margin=&#8220;0px|0px|0px|0px|false|false&#8220; custom_padding=&#8220;0px|0px|0px|0px|false|false&#8220; global_colors_info=&#8220;{}&#8220;][et_pb_row _builder_version=&#8220;4.16&#8243; _module_preset=&#8220;default&#8220; custom_css_main_element=&#8220;top:-50px;&#8220; global_colors_info=&#8220;{}&#8220;][et_pb_column type=&#8220;4_4&#8243; _builder_version=&#8220;4.16&#8243; _module_preset=&#8220;default&#8220; global_colors_info=&#8220;{}&#8220;][et_pb_text _builder_version=&#8220;4.24.2&#8243; _module_preset=&#8220;default&#8220; header_2_font=&#8220;|300|||||||&#8220; header_2_text_color=&#8220;#ffffff&#8220; header_2_font_size=&#8220;56px&#8220; header_2_line_height=&#8220;1.3em&#8220; background_color=&#8220;rgba(0,0,0,0)&#8220; positioning=&#8220;relative&#8220; width=&#8220;100%&#8220; module_alignment=&#8220;center&#8220; custom_padding=&#8220;28px|28px|28px|28px|false|false&#8220; header_text_align_tablet=&#8220;&#8220; header_text_align_phone=&#8220;&#8220; header_text_align_last_edited=&#8220;on|phone&#8220; header_2_text_align_tablet=&#8220;&#8220; header_2_text_align_phone=&#8220;left&#8220; header_2_text_align_last_edited=&#8220;on|phone&#8220; header_2_font_size_tablet=&#8220;38px&#8220; header_2_font_size_phone=&#8220;30px&#8220; header_2_font_size_last_edited=&#8220;on|phone&#8220; border_color_left=&#8220;#d7c6b3&#8243; locked=&#8220;off&#8220; global_colors_info=&#8220;{}&#8220;]<\/p>\n<h2>O n\u00e1s<\/h2>\n<p>[\/et_pb_text][et_pb_code _builder_version=&#8220;4.17.6&#8243; _module_preset=&#8220;default&#8220; module_alignment=&#8220;left&#8220; custom_margin=&#8220;||||false|false&#8220; custom_padding=&#8220;70px||||false|false&#8220; link_option_url=&#8220;#kata&#8220; global_colors_info=&#8220;{}&#8220;]<!-- [et_pb_line_break_holder] --><svg class=\"arrows\"><!-- [et_pb_line_break_holder] -->\t\t\t\t\t\t\t<path class=\"a1\" d=\"M0 0 L30 32 L60 0\"><\/path><!-- [et_pb_line_break_holder] -->\t\t\t\t\t\t\t<path class=\"a2\" d=\"M0 20 L30 52 L60 20\"><\/path><!-- [et_pb_line_break_holder] -->\t\t\t\t\t\t\t<path class=\"a3\" d=\"M0 40 L30 72 L60 40\"><\/path><!-- [et_pb_line_break_holder] -->\t<\/svg>[\/et_pb_code][\/et_pb_column][\/et_pb_row][\/et_pb_section][et_pb_section fb_built=&#8220;1&#8243; _builder_version=&#8220;4.16&#8243; _module_preset=&#8220;default&#8220; background_color=&#8220;#f2f2f2&#8243; global_colors_info=&#8220;{}&#8220;][et_pb_row column_structure=&#8220;1_2,1_2&#8243; _builder_version=&#8220;4.17.6&#8243; _module_preset=&#8220;default&#8220; global_colors_info=&#8220;{}&#8220;][et_pb_column type=&#8220;1_2&#8243; _builder_version=&#8220;4.17.6&#8243; _module_preset=&#8220;default&#8220; global_colors_info=&#8220;{}&#8220;][et_pb_gallery gallery_ids=&#8220;1808,1342,1340,1341,1937,1865,1616,1767,1917,1977&#8243; fullwidth=&#8220;on&#8220; _builder_version=&#8220;4.24.2&#8243; _module_preset=&#8220;default&#8220; global_colors_info=&#8220;{}&#8220;][\/et_pb_gallery][\/et_pb_column][et_pb_column type=&#8220;1_2&#8243; _builder_version=&#8220;4.17.6&#8243; _module_preset=&#8220;default&#8220; global_colors_info=&#8220;{}&#8220;][et_pb_text _builder_version=&#8220;4.24.2&#8243; _module_preset=&#8220;default&#8220; hover_enabled=&#8220;0&#8243; global_colors_info=&#8220;{}&#8220; sticky_enabled=&#8220;0&#8243;]<\/p>\n<p>Ahoj,<\/p>\n<p>Jmenuji se Kate\u0159ina a poch\u00e1z\u00edm z mal\u00e9 vesni\u010dky nedaleko Litomy\u0161le, nicm\u00e9n\u011b <strong>sv\u016fj \u017eivot jsem p\u0159esunula na sever \u0160v\u00e9dska.<\/strong><\/p>\n<p>Vystudovala jsem Cestovn\u00ed ruch a Etnologii. Po univerzit\u011b jsem se p\u0159ihl\u00e1sila na Kurz horsk\u00e9ho pr\u016fvodce a stala se <strong>licencovanou horskou pr\u016fvodkyn\u00ed. <\/strong><\/p>\n<p>Pracuji tak\u00e9 jako p<strong>ol\u00e1rn\u00ed pr\u016fvodce se sp\u00edm sp\u0159e\u017een\u00edm na severu \u0160v\u00e9dska<\/strong>, kde jsem za\u010dala pom\u00e1hat jako dobrovoln\u00edk v sez\u00f3n\u011b 2015\/2016.<br \/><strong>Sever m\u011b nep\u0159est\u00e1v\u00e1 fascinovat a u\u017e dlouho je m\u00fdm domovem, c\u00edt\u00edm tu propojen\u00ed, prostor a svobodu.<\/strong><\/p>\n<p>Jsem outdoorov\u00e1 a horsk\u00e1 nad\u0161enkyn\u011b, kter\u00e1 moc neposed\u00ed a neust\u00e1le vym\u00fd\u0161l\u00ed neot\u0159el\u00e9 aktivity. Vyhled\u00e1v\u00e1m netradi\u010dn\u00ed dobrodru\u017estv\u00ed a vzd\u00e1len\u00e1 m\u00edsta od civilizace. Nejsem \u00fapln\u011b fanou\u0161ek popul\u00e1rn\u00edch m\u00edst nebo jsem dobr\u00e1 v tom, je nav\u0161t\u00edvit v pravou dobu. M\u00e1m r\u00e1da dobrodru\u017estv\u00ed, nez\u00e1vislost, seberozvoj, akci, spont\u00e1nnost a zimu. Mou v\u00e1\u0161n\u00ed je d\u00e1lkov\u00fd b\u011bh v ter\u00e9nu, skaln\u00ed lezen\u00ed\/horolezectv\u00ed, skialpinismus, backcountry ly\u017eov\u00e1n\u00ed, j\u00f3ga, studen\u00e9 koupele, slackline, \u010dten\u00ed, bylinky, tvo\u0159en\u00ed dom\u00e1c\u00edch mast\u00ed. Vlastn\u00edm alja\u0161sk\u00e9ho huskyho \u2013 jmenuje se Brock. V\u011bt\u0161inu roku po dobu 5 let \u017eiju v dod\u00e1vce.<\/p>\n<p><strong>R\u00e1da bych v\u00e1m touto formou p\u0159ed\u00e1vala sv\u00e9 nad\u0161en\u00ed, zku\u0161enosti a inspirovala v\u00e1s k neoby\u010dejn\u00fdm z\u00e1\u017eitk\u016fm, kter\u00e9 sever um\u00ed nab\u00eddnout. A co v\u00edc, za\u017e\u00edt je spole\u010dn\u011b.<\/strong><\/p>\n<p>V\u011bt\u0161ina v\u00fdprav bude tedy sm\u011b\u0159ovat na sever. Prim\u00e1rn\u011b se bude jednat o pol\u00e1rn\u00ed v\u00fdpravy se ps\u00edm sp\u0159e\u017een\u00edm a v\u00edcedenn\u00ed p\u0159echody na backcountry ly\u017e\u00edch. D\u00e1le jsou v pl\u00e1nu v\u00edcedenn\u00ed b\u011b\u017eeck\u00e9 v\u00fdpravy, ale tak\u00e9 letn\u00ed turistika v odlehl\u00fdch oblastech magick\u00e9ho severu.<\/p>\n<p>K\u00e1\u0165a &amp; Brock, proto\u017ee s Brockem jsme takov\u00e1 neodd\u011bliteln\u00e1 dvojka a jsme t\u00e9m\u011b\u0159 nonstop spolu. Pouze v p\u0159\u00edpad\u011b, \u017ee se teda nechyst\u00e1m za lezen\u00edm do hor. Brock bude na v\u011bt\u0161in\u011b v\u00fdprav sou\u010d\u00e1st\u00ed.<\/p>\n<p>Pokud t\u011b cokoliv dal\u0161\u00edho zaj\u00edm\u00e1, tak mne nev\u00e1hej kontaktovat, a\u0165 u\u017e prost\u0159ednictv\u00edm soci\u00e1ln\u00edch s\u00edt\u00ed, e-mailu nebo telefonu.<\/p>\n<p>Tak se budeme t\u011b\u0161it <strong>tam, kam n\u00e1s nohy zavedou. <\/strong><\/p>\n<p><strong>K&amp;B<\/strong><\/p>\n<p>[\/et_pb_text][\/et_pb_column][\/et_pb_row][et_pb_row _builder_version=&#8220;4.17.6&#8243; _module_preset=&#8220;default&#8220; global_colors_info=&#8220;{}&#8220;][et_pb_column type=&#8220;4_4&#8243; _builder_version=&#8220;4.17.6&#8243; _module_preset=&#8220;default&#8220; global_colors_info=&#8220;{}&#8220;][\/et_pb_column][\/et_pb_row][\/et_pb_section][et_pb_section fb_built=&#8220;1&#8243; admin_label=&#8220;Pati\u010dka&#8220; module_id=&#8220;paticka&#8220; _builder_version=&#8220;4.24.2&#8243; _module_preset=&#8220;default&#8220; background_color=&#8220;#e9e4de&#8220; custom_padding=&#8220;18px||18px||false|false&#8220; global_module=&#8220;120&#8243; saved_tabs=&#8220;all&#8220; global_colors_info=&#8220;{}&#8220;][et_pb_row column_structure=&#8220;1_2,1_2&#8243; _builder_version=&#8220;4.17.6&#8243; _module_preset=&#8220;default&#8220; collapsed=&#8220;off&#8220; global_colors_info=&#8220;{}&#8220;][et_pb_column type=&#8220;1_2&#8243; _builder_version=&#8220;4.16&#8243; _module_preset=&#8220;default&#8220; global_colors_info=&#8220;{}&#8220;][et_pb_text _builder_version=&#8220;4.24.2&#8243; _module_preset=&#8220;default&#8220; global_colors_info=&#8220;{}&#8220;]<\/p>\n<p><strong>Kontaktn\u00ed \u00fadaje<\/strong><\/p>\n<p>Kate\u0159ina Turbakov\u00e1<\/p>\n<p>Org.nr: 19940401-4368<\/p>\n<p>S\u00eddlo: \u00d6rnabbsv\u00e4gen 119, Lulea, 975 97<\/p>\n<p>[\/et_pb_text][\/et_pb_column][et_pb_column type=&#8220;1_2&#8243; _builder_version=&#8220;4.16&#8243; _module_preset=&#8220;default&#8220; global_colors_info=&#8220;{}&#8220;][et_pb_text _builder_version=&#8220;4.24.2&#8243; _module_preset=&#8220;default&#8220; global_colors_info=&#8220;{}&#8220;]<\/p>\n<p>&nbsp;<\/p>\n<p style=\"text-align: right;\">Telefonn\u00ed \u010d\u00edslo: +420 731 255 539<\/p>\n<p style=\"text-align: right;\">E-mail: katerinaturbakova@gmail.com<\/p>\n<p>[\/et_pb_text][et_pb_social_media_follow icon_color=&#8220;#000000&#8243; use_icon_font_size=&#8220;on&#8220; icon_font_size=&#8220;28px&#8220; _builder_version=&#8220;4.17.6&#8243; _module_preset=&#8220;default&#8220; text_orientation=&#8220;right&#8220; width=&#8220;110%&#8220; max_width=&#8220;110%&#8220; module_alignment=&#8220;right&#8220; custom_padding=&#8220;|39px||||&#8220; global_colors_info=&#8220;{}&#8220;][et_pb_social_media_follow_network social_network=&#8220;instagram&#8220; url=&#8220;https:\/\/www.instagram.com\/kata_brock\/?hl=cs&#8220; _builder_version=&#8220;4.17.6&#8243; _module_preset=&#8220;default&#8220; background_color=&#8220;RGBA(255,255,255,0)&#8220; background_enable_color=&#8220;on&#8220; global_colors_info=&#8220;{}&#8220; follow_button=&#8220;off&#8220; url_new_window=&#8220;on&#8220;]instagram[\/et_pb_social_media_follow_network][et_pb_social_media_follow_network social_network=&#8220;facebook&#8220; url=&#8220;https:\/\/www.facebook.com\/profile.php?id=100090100123118&#8243; _builder_version=&#8220;4.17.6&#8243; _module_preset=&#8220;default&#8220; background_color=&#8220;#3b5998&#8243; global_colors_info=&#8220;{}&#8220; follow_button=&#8220;off&#8220; url_new_window=&#8220;on&#8220;]facebook[\/et_pb_social_media_follow_network][\/et_pb_social_media_follow][\/et_pb_column][\/et_pb_row][\/et_pb_section]<\/p>","protected":false},"excerpt":{"rendered":"<p>O n\u00e1sAhoj, Jmenuji se Kate\u0159ina a poch\u00e1z\u00edm z mal\u00e9 vesni\u010dky nedaleko Litomy\u0161le, nicm\u00e9n\u011b sv\u016fj \u017eivot jsem p\u0159esunula na sever \u0160v\u00e9dska. Vystudovala jsem Cestovn\u00ed ruch a Etnologii. Po univerzit\u011b jsem se p\u0159ihl\u00e1sila na Kurz horsk\u00e9ho pr\u016fvodce a stala se licencovanou horskou pr\u016fvodkyn\u00ed. Pracuji tak\u00e9 jako pol\u00e1rn\u00ed pr\u016fvodce se sp\u00edm sp\u0159e\u017een\u00edm na severu \u0160v\u00e9dska, kde jsem za\u010dala [&hellip;]<\/p>","protected":false},"author":1,"featured_media":0,"parent":0,"menu_order":0,"comment_status":"closed","ping_status":"closed","template":"","meta":{"_et_pb_use_builder":"on","_et_pb_old_content":"","_et_gb_content_width":"","footnotes":""},"_links":{"self":[{"href":"https:\/\/katabrock.cz\/en\/wp-json\/wp\/v2\/pages\/396"}],"collection":[{"href":"https:\/\/katabrock.cz\/en\/wp-json\/wp\/v2\/pages"}],"about":[{"href":"https:\/\/katabrock.cz\/en\/wp-json\/wp\/v2\/types\/page"}],"author":[{"embeddable":true,"href":"https:\/\/katabrock.cz\/en\/wp-json\/wp\/v2\/users\/1"}],"replies":[{"embeddable":true,"href":"https:\/\/katabrock.cz\/en\/wp-json\/wp\/v2\/comments?post=396"}],"version-history":[{"count":65,"href":"https:\/\/katabrock.cz\/en\/wp-json\/wp\/v2\/pages\/396\/revisions"}],"predecessor-version":[{"id":2042,"href":"https:\/\/katabrock.cz\/en\/wp-json\/wp\/v2\/pages\/396\/revisions\/2042"}],"wp:attachment":[{"href":"https:\/\/katabrock.cz\/en\/wp-json\/wp\/v2\/media?parent=396"}],"curies":[{"name":"wp","href":"https:\/\/api.w.org\/{rel}","templated":true}]}}